{"id":19,"date":"2025-11-11T12:10:05","date_gmt":"2025-11-11T12:10:05","guid":{"rendered":"https:\/\/motomanse.fi\/?page_id=19"},"modified":"2025-11-11T12:10:05","modified_gmt":"2025-11-11T12:10:05","slug":"tietoja","status":"publish","type":"page","link":"https:\/\/motomanse.fi\/index.php\/tietoja\/","title":{"rendered":"Tietoja"},"content":{"rendered":"\n<p>Saatat olla taitelija, joka haluaisi esitell\u00e4 itsens\u00e4 ja t\u00f6it\u00e4ns\u00e4 t\u00e4\u00e4ll\u00e4. Tai ehk\u00e4 sinulla on yritys, jonka teht\u00e4v\u00e4n haluat jakaa.<\/p>\n","protected":false},"excerpt":{"rendered":"<p>Saatat olla taitelija, joka haluaisi esitell\u00e4 itsens\u00e4 ja t\u00f6it\u00e4ns\u00e4 t\u00e4\u00e4ll\u00e4. Tai ehk\u00e4 sinulla on yritys, jonka teht\u00e4v\u00e4n haluat jakaa.<\/p>\n","protected":false},"author":1,"featured_media":16,"parent":0,"menu_order":0,"comment_status":"closed","ping_status":"closed","template":"","meta":{"footnotes":""},"class_list":["post-19","page","type-page","status-publish","has-post-thumbnail","hentry"],"_links":{"self":[{"href":"https:\/\/motomanse.fi\/index.php\/wp-json\/wp\/v2\/pages\/19","targetHints":{"allow":["GET"]}}],"collection":[{"href":"https:\/\/motomanse.fi\/index.php\/wp-json\/wp\/v2\/pages"}],"about":[{"href":"https:\/\/motomanse.fi\/index.php\/wp-json\/wp\/v2\/types\/page"}],"author":[{"embeddable":true,"href":"https:\/\/motomanse.fi\/index.php\/wp-json\/wp\/v2\/users\/1"}],"replies":[{"embeddable":true,"href":"https:\/\/motomanse.fi\/index.php\/wp-json\/wp\/v2\/comments?post=19"}],"version-history":[{"count":1,"href":"https:\/\/motomanse.fi\/index.php\/wp-json\/wp\/v2\/pages\/19\/revisions"}],"predecessor-version":[{"id":28,"href":"https:\/\/motomanse.fi\/index.php\/wp-json\/wp\/v2\/pages\/19\/revisions\/28"}],"wp:featuredmedia":[{"embeddable":true,"href":"https:\/\/motomanse.fi\/index.php\/wp-json\/wp\/v2\/media\/16"}],"wp:attachment":[{"href":"https:\/\/motomanse.fi\/index.php\/wp-json\/wp\/v2\/media?parent=19"}],"curies":[{"name":"wp","href":"https:\/\/api.w.org\/{rel}","templated":true}]}}